{"id":131,"date":"2020-03-27T14:21:33","date_gmt":"2020-03-27T14:21:33","guid":{"rendered":"https:\/\/mujtrek.cz\/?page_id=131"},"modified":"2023-12-26T16:21:52","modified_gmt":"2023-12-26T16:21:52","slug":"kontakt","status":"publish","type":"page","link":"https:\/\/mujtrek.cz\/?page_id=131","title":{"rendered":"Kontakt"},"content":{"rendered":"<p style=\"text-align: center;\"><strong>KONTAKTUJTE N\u00c1S PROS\u00cdM MAILEM, D\u011aKUJEME.<br \/>\n<span style=\"color: #ff6600;\">dotazy<\/span><\/strong>[zavin\u00e1\u010d]<span style=\"color: #ff6600;\"><strong>mujtrek<\/strong><\/span>[te\u010dka]<span style=\"color: #ff6600;\"><strong>cz<\/strong><\/span><\/p>\n","protected":false},"excerpt":{"rendered":"<p>KONTAKTUJTE N\u00c1S PROS\u00cdM MAILEM, D\u011aKUJEME. dotazy[zavin\u00e1\u010d]mujtrek[te\u010dka]cz<\/p>\n","protected":false},"author":2,"featured_media":0,"parent":0,"menu_order":0,"comment_status":"closed","ping_status":"closed","template":"","meta":{"qubely_global_settings":"","qubely_interactions":"","footnotes":""},"class_list":["post-131","page","type-page","status-publish","hentry"],"_links":{"self":[{"href":"https:\/\/mujtrek.cz\/index.php?rest_route=\/wp\/v2\/pages\/131","targetHints":{"allow":["GET"]}}],"collection":[{"href":"https:\/\/mujtrek.cz\/index.php?rest_route=\/wp\/v2\/pages"}],"about":[{"href":"https:\/\/mujtrek.cz\/index.php?rest_route=\/wp\/v2\/types\/page"}],"author":[{"embeddable":true,"href":"https:\/\/mujtrek.cz\/index.php?rest_route=\/wp\/v2\/users\/2"}],"replies":[{"embeddable":true,"href":"https:\/\/mujtrek.cz\/index.php?rest_route=%2Fwp%2Fv2%2Fcomments&post=131"}],"version-history":[{"count":5,"href":"https:\/\/mujtrek.cz\/index.php?rest_route=\/wp\/v2\/pages\/131\/revisions"}],"predecessor-version":[{"id":820,"href":"https:\/\/mujtrek.cz\/index.php?rest_route=\/wp\/v2\/pages\/131\/revisions\/820"}],"wp:attachment":[{"href":"https:\/\/mujtrek.cz\/index.php?rest_route=%2Fwp%2Fv2%2Fmedia&parent=131"}],"curies":[{"name":"wp","href":"https:\/\/api.w.org\/{rel}","templated":true}]}}